{"id":12264,"date":"2022-09-12T11:32:44","date_gmt":"2022-09-12T09:32:44","guid":{"rendered":"https:\/\/www.china-certification.com\/\/?page_id=12264"},"modified":"2026-02-18T09:32:50","modified_gmt":"2026-02-18T08:32:50","slug":"contact","status":"publish","type":"page","link":"https:\/\/www.china-certification.com\/sk\/contact\/","title":{"rendered":"Contact &#8211; SK"},"content":{"rendered":"\n<h4 class=\"wp-block-heading is-style-header-headline\">Your one-stop certification <strong>solution!<\/strong><\/h4>\n\n\n\n<h1 class=\"wp-block-heading is-style-h1-headline-content\">Kontakt<\/h1>\n\n\n<section class=\"mpr-theme-kontakt-grau\">\r\n    <div class=\"mpr-theme-kontakt-grau-content\">\r\n        <div class=\"mpr-theme-kontakt-grau-inhalt\">\r\n            <h3>Potrebujete viac inform\u00e1ci\u00ed o certifik\u00e1cii produktov?<\/h3>\n<p><strong>MPR China Certification<\/strong> &#8211; Profesion\u00e1lne poradenstvo a realiz\u00e1cia certifika\u010dn\u00fdch projektov na celom svete.<\/p>\n<p>Okrem telef\u00f3nu, chatu a e-mailu m\u00f4\u017eete vyu\u017ei\u0165 aj n\u00e1\u0161 <strong><a href=\"https:\/\/www.china-certification.com\/sk\/contact\/#kontaktformular-sk\">kontaktn\u00fd formul\u00e1r<\/a><\/strong>.<\/p>\n        <\/div>\r\n        <div class=\"mpr-theme-kontakt-grau-teaser\">\r\n            <div class=\"mpr-theme-kontakt-grau-headline-container\">\r\n                <span class=\"mpr-theme-kontakt-grau-headline\">Kontakt<\/span>\r\n            <\/div>\r\n\r\n            <div class=\"mpr-theme-kontakt-grau-phone-container\">\r\n                <span class=\"mpr-theme-kontakt-grau-phone\">T +49-69-2713769150 (EU)<\/span>\r\n            <\/div>\r\n\r\n            <div class=\"mpr-theme-kontakt-phone-container phone-2\">\r\n                <span class=\"mpr-theme-kontakt-phone\">T +1-773-654-2673 (US)<\/span>\r\n            <\/div>\r\n\r\n            <div class=\"mpr-theme-kontakt-grau-mail-container\">\r\n                <a href=\"mailto:info@china-certification.com\"><span class=\"mpr-theme-kontakt-grau-mail\">info@china-certification.com<\/span><\/a>\r\n            <\/div>\r\n        <\/div>\r\n    <\/div>\r\n<\/section>\n\n\n<h2 class=\"wp-block-heading is-style-border-left-headline\" id=\"EU-address\"><strong>Eur\u00f3pa <\/strong>&#8211; MPR China Certification GmbH<\/h2>\n\n\n<section class=\"mpr-theme-contact-adresses\">\r\n        <div class=\"mpr-theme-contact-adresses-container\">\r\n                            <div class=\"mpr-theme-contact-adress-box\" style=\"background: url('https:\/\/www.china-certification.com\/wp-content\/uploads\/deutschland.png') no-repeat\">\r\n                    <div class=\"mpr-theme-contact-adress-box-inhalt\">\r\n                        <p class=\"is-style-subheadline\"><span style=\"color: #ccffff;\">Nemecko<\/span><\/p>\n                    <\/div>\r\n                <\/div>\r\n                            <div class=\"mpr-theme-contact-adress-box\" style=\"background: url('') no-repeat\">\r\n                    <div class=\"mpr-theme-contact-adress-box-inhalt\">\r\n                        <p class=\"is-style-subheadline\">Frankfurt (\u00dastredie)<\/p>\n<p>Kaiserstra\u00dfe 65<br \/>\nD-60329 Frankfurt am Main<br \/>\nNemecko<\/p>\n<p>Telef\u00f3n:<br \/>\n+49 69 2713769 &#8211; 150<\/p>\n<p>E-mail:<br \/>\n<a href=\"mailto:info@china-certification.com\">info@china-certification.com<\/a><\/p>\n                    <\/div>\r\n                <\/div>\r\n                            <div class=\"mpr-theme-contact-adress-box\" style=\"background: url('https:\/\/www.china-certification.com\/wp-content\/uploads\/niederlande.png') no-repeat\">\r\n                    <div class=\"mpr-theme-contact-adress-box-inhalt\">\r\n                        <p class=\"is-style-subheadline\"><span style=\"color: #ffffff;\">Holandsko<\/span><\/p>\n                    <\/div>\r\n                <\/div>\r\n                            <div class=\"mpr-theme-contact-adress-box\" style=\"background: url('') no-repeat\">\r\n                    <div class=\"mpr-theme-contact-adress-box-inhalt\">\r\n                        <p class=\"is-style-subheadline\">Zwolle<\/p>\n<p>Telef\u00f3n:<br \/>\n+31 2080 850 09<\/p>\n<p>E-mail:<br \/>\n<a href=\"mailto:benelux@china-certification.com\">benelux@china-certification.com<\/a><\/p>\n<p>&nbsp;<\/p>\n                    <\/div>\r\n                <\/div>\r\n                    <\/div>\r\n<\/section>\n\n<section class=\"mpr-theme-contact-adresses\">\r\n        <div class=\"mpr-theme-contact-adresses-container\">\r\n                            <div class=\"mpr-theme-contact-adress-box\" style=\"background: url('https:\/\/www.china-certification.com\/wp-content\/uploads\/italien.png') no-repeat\">\r\n                    <div class=\"mpr-theme-contact-adress-box-inhalt\">\r\n                        <p class=\"is-style-subheadline\"><span style=\"color: #ffffff;\">Taliansko<\/span><\/p>\n                    <\/div>\r\n                <\/div>\r\n                            <div class=\"mpr-theme-contact-adress-box\" style=\"background: url('') no-repeat\">\r\n                    <div class=\"mpr-theme-contact-adress-box-inhalt\">\r\n                        <p class=\"is-style-subheadline\">Turin<\/p>\n<p>Via Lugaro 15<br \/>\n10126 Turin<br \/>\nTaliansko<\/p>\n<p>Telef\u00f3n:<br \/>\n+39-0111 9620 260<\/p>\n<p>E-mail:<br \/>\n<a href=\"mailto:info@china-certification.com\">info@china-certification.com<\/a><\/p>\n                    <\/div>\r\n                <\/div>\r\n                            <div class=\"mpr-theme-contact-adress-box\" style=\"background: url('https:\/\/www.china-certification.com\/wp-content\/uploads\/united-kingdom.png') no-repeat\">\r\n                    <div class=\"mpr-theme-contact-adress-box-inhalt\">\r\n                        <p class=\"is-style-subheadline\"><span style=\"color: #ffffff;\">Spojen\u00e9 Kr\u00e1\u013eovstvo<\/span><\/p>\n                    <\/div>\r\n                <\/div>\r\n                            <div class=\"mpr-theme-contact-adress-box\" style=\"background: url('') no-repeat\">\r\n                    <div class=\"mpr-theme-contact-adress-box-inhalt\">\r\n                        <p class=\"is-style-subheadline\">London<\/p>\n<p>Portland House<br \/>\nBressenden Place<br \/>\nSW1E 5RS, London<br \/>\nSpojen\u00e9 Kr\u00e1\u013eovstvo<\/p>\n<p>Telef\u00f3n:<br \/>\n+44 207 442 5945<\/p>\n<p>E-mail:<br \/>\n<a href=\"mailto:info@china-certification.com\">info@china-certification.com<\/a><\/p>\n                    <\/div>\r\n                <\/div>\r\n                    <\/div>\r\n<\/section>\n\n\n<div style=\"height:80px\" aria-hidden=\"true\" class=\"wp-block-spacer\"><\/div>\n\n\n\n<h2 class=\"wp-block-heading is-style-border-left-headline\" id=\"US-address\"><strong>USA <\/strong>&#8211; China Certification CORPORATION<\/h2>\n\n\n<section class=\"mpr-theme-contact-adresses\">\r\n        <div class=\"mpr-theme-contact-adresses-container\">\r\n                            <div class=\"mpr-theme-contact-adress-box\" style=\"background: url('https:\/\/www.china-certification.com\/wp-content\/uploads\/usa.png') no-repeat\">\r\n                    <div class=\"mpr-theme-contact-adress-box-inhalt\">\r\n                        <p class=\"is-style-subheadline\"><span style=\"color: #ffffff;\">USA<\/span><\/p>\n                    <\/div>\r\n                <\/div>\r\n                            <div class=\"mpr-theme-contact-adress-box\" style=\"background: url('') no-repeat\">\r\n                    <div class=\"mpr-theme-contact-adress-box-inhalt\">\r\n                        <p class=\"is-style-subheadline\">Ilinois &#8211; Chicago<\/p>\n<p>111 West Jackson Blvd, Suite 1700,<br \/>\nChicago, Illinois 60604-1210, USA<\/p>\n<p>Telef\u00f3n:<br \/>\n+1-773-6542673<\/p>\n<p>E-mail:<br \/>\n<a href=\"mailto:usa@china-certification.com\">usa@china-certification.com<\/a><\/p>\n                    <\/div>\r\n                <\/div>\r\n                            <div class=\"mpr-theme-contact-adress-box\" style=\"background: url('') no-repeat\">\r\n                    <div class=\"mpr-theme-contact-adress-box-inhalt\">\r\n                        <p class=\"is-style-subheadline\">California- Brea<\/p>\n<p>135 S. State College Blvd., Suite 200<br \/>\nBrea, California 92821, USA<\/p>\n<p>Telef\u00f3n:<br \/>\n+1-714-3125966<\/p>\n<p>E-mail:<br \/>\n<a href=\"mailto:usa@china-certification.com\">usa@china-certification.com<\/a><\/p>\n                    <\/div>\r\n                <\/div>\r\n                    <\/div>\r\n<\/section>\n\n\n<div style=\"height:80px\" aria-hidden=\"true\" class=\"wp-block-spacer\"><\/div>\n\n\n\n<h2 class=\"wp-block-heading is-style-border-left-headline\" id=\"Asia-address\"><strong>\u00c1zia<\/strong><\/h2>\n\n\n<section class=\"mpr-theme-contact-adresses\">\r\n        <div class=\"mpr-theme-contact-adresses-container\">\r\n                            <div class=\"mpr-theme-contact-adress-box\" style=\"background: url('https:\/\/www.china-certification.com\/wp-content\/uploads\/china.png') no-repeat\">\r\n                    <div class=\"mpr-theme-contact-adress-box-inhalt\">\r\n                        <p class=\"is-style-subheadline\"><span style=\"color: #ffffff;\">\u00c1zia<\/span><\/p>\n                    <\/div>\r\n                <\/div>\r\n                            <div class=\"mpr-theme-contact-adress-box\" style=\"background: url('') no-repeat\">\r\n                    <div class=\"mpr-theme-contact-adress-box-inhalt\">\r\n                        <div class=\"adresse-china\">\n<p class=\"is-style-subheadline\">Shanghai<\/p>\n<p><strong>Detang Germany Business Consulting Shanghai Co., Ltd.<\/strong><\/p>\n<p>Huanke Road 999,<br \/>\nPudong International Talent Hub,<br \/>\nBuilding 1, Room 802, Pudong District,<br \/>\n200126 Shanghai, P.R. \u010c\u00edna<\/p>\n<p>Telef\u00f3n:<br \/>\n+86 400 961 0828<br \/>\n+86 21 6163 2960<\/p>\n<p>E-mail:<br \/>\n<a href=\"mailto:info@china-certification.com\">info@china-certification.com<\/a><\/p>\n<\/div>\n                    <\/div>\r\n                <\/div>\r\n                            <div class=\"mpr-theme-contact-adress-box\" style=\"background: url('') no-repeat\">\r\n                    <div class=\"mpr-theme-contact-adress-box-inhalt\">\r\n                        <div class=\"adresse-china\">\n<p class=\"is-style-subheadline\">Sichuan &#8211; Chengdu<\/p>\n<p><strong>Zhide Network Technology Chengdu Co., Ltd.<\/strong><\/p>\n<p>Room 2312, IFS, No. 1, Section 3<br \/>\nHongxing Road, Chengdu, Sichuan,<br \/>\nP.R. \u010c\u00edna 610021<\/p>\n<p>&nbsp;<\/p>\n<p>Telef\u00f3n:<br \/>\n+86 400 961 0828<br \/>\n+86 28 6232 878<\/p>\n<p>E-mail:<br \/>\n<a href=\"mailto:info@china-certification.com\">info@china-certification.com<\/a><\/p>\n<\/div>\n                    <\/div>\r\n                <\/div>\r\n                    <\/div>\r\n<\/section>\n\n\n<div style=\"height:90px\" aria-hidden=\"true\" class=\"wp-block-spacer\"><\/div>\n\n\n\n<h2 class=\"wp-block-heading is-style-border-left-headline\" id=\"kontaktformular-sk\"><strong>Kontaktn\u00fd formul\u00e1r<\/strong> MPR<\/h2>\n\n\n\n<p>Ak chcete t\u00fato funkciu aktivova\u0165, aktivujte s\u00fabory cookie. S\u00fabory cookie zabezpe\u010duj\u00fa bezpe\u010dnos\u0165 pri odosielan\u00ed va\u0161ich \u00fadajov. Nastavenia s\u00faborov cookie m\u00f4\u017eete zmeni\u0165 na str\u00e1nke so <a href=\"https:\/\/www.china-certification.com\/en\/privacy-policy\/\"><strong>z\u00e1sadami ochrany osobn\u00fdch \u00fadajov<\/strong><\/a>.<\/p>\n\n\n\n<div class=\"wp-block-columns is-layout-flex wp-container-core-columns-is-layout-9d6595d7 wp-block-columns-is-layout-flex\">\n<div class=\"wp-block-column is-layout-flow wp-block-column-is-layout-flow\" style=\"flex-basis:66.66%\">\n<div class=\"wpcf7 no-js\" id=\"wpcf7-f12579-o1\" lang=\"de-DE\" dir=\"ltr\" data-wpcf7-id=\"12579\">\n<div class=\"screen-reader-response\"><p role=\"status\" aria-live=\"polite\" aria-atomic=\"true\"><\/p> <ul><\/ul><\/div>\n<form action=\"\/sk\/wp-json\/wp\/v2\/pages\/12264#wpcf7-f12579-o1\" method=\"post\" class=\"wpcf7-form init\" aria-label=\"Kontaktformular\" novalidate=\"novalidate\" data-status=\"init\">\n<fieldset class=\"hidden-fields-container\"><input type=\"hidden\" name=\"_wpcf7\" value=\"12579\" \/><input type=\"hidden\" name=\"_wpcf7_version\" value=\"6.1.5\" \/><input type=\"hidden\" name=\"_wpcf7_locale\" value=\"de_DE\" \/><input type=\"hidden\" name=\"_wpcf7_unit_tag\" value=\"wpcf7-f12579-o1\" \/><input type=\"hidden\" name=\"_wpcf7_container_post\" value=\"0\" \/><input type=\"hidden\" name=\"_wpcf7_posted_data_hash\" value=\"\" \/>\n<\/fieldset>\n<p><span class=\"wpcf7-form-control-wrap\" data-name=\"ihr-name\"><input size=\"40\" maxlength=\"400\" class=\"wpcf7-form-control wpcf7-text wpcf7-validates-as-required\" aria-required=\"true\" aria-invalid=\"false\" placeholder=\"N\u00e1zov*\" value=\"\" type=\"text\" name=\"ihr-name\" \/><\/span>\n<\/p>\n<p><span class=\"wpcf7-form-control-wrap\" data-name=\"email\"><input size=\"40\" maxlength=\"400\" class=\"wpcf7-form-control wpcf7-email wpcf7-validates-as-required wpcf7-text wpcf7-validates-as-email\" aria-required=\"true\" aria-invalid=\"false\" placeholder=\"E-mail*\" value=\"\" type=\"email\" name=\"email\" \/><\/span>\n<\/p>\n<p><span class=\"wpcf7-form-control-wrap\" data-name=\"firma\"><input size=\"40\" maxlength=\"400\" class=\"wpcf7-form-control wpcf7-text\" aria-invalid=\"false\" placeholder=\"Spolo\u010dnos\u0165\" value=\"\" type=\"text\" name=\"firma\" \/><\/span>\n<\/p>\n<p><span class=\"wpcf7-form-control-wrap\" data-name=\"telefon\"><input size=\"40\" maxlength=\"400\" class=\"wpcf7-form-control wpcf7-tel wpcf7-text wpcf7-validates-as-tel\" aria-invalid=\"false\" placeholder=\"Telef\u00f3nne \u010d\u00edslo\" value=\"\" type=\"tel\" name=\"telefon\" \/><\/span>\n<\/p>\n<p><span class=\"wpcf7-form-control-wrap\" data-name=\"betreff\"><input size=\"40\" maxlength=\"400\" class=\"wpcf7-form-control wpcf7-text\" aria-invalid=\"false\" placeholder=\"Predmet\" value=\"\" type=\"text\" name=\"betreff\" \/><\/span>\n<\/p>\n<p><span class=\"wpcf7-form-control-wrap\" data-name=\"nachricht\"><textarea cols=\"40\" rows=\"10\" maxlength=\"2000\" class=\"wpcf7-form-control wpcf7-textarea\" aria-invalid=\"false\" placeholder=\"Va\u0161a spr\u00e1va\" name=\"nachricht\"><\/textarea><\/span>\n<\/p>\n<p><input class=\"wpcf7-form-control wpcf7-submit has-spinner\" type=\"submit\" value=\"Odosla\u0165\" \/>\n<\/p><div class=\"wpcf7-response-output\" aria-hidden=\"true\"><\/div>\n<\/form>\n<\/div>\n\n<\/div>\n\n\n\n<div class=\"wp-block-column kontakt-hinweis is-layout-flow wp-block-column-is-layout-flow\" style=\"flex-basis:33.33%\">\n<p>Vypl\u0148te v\u0161etky polia ozna\u010den\u00e9 *.<\/p>\n\n\n\n<p>Inform\u00e1cie o zhroma\u017e\u010fovan\u00ed a spracovan\u00ed osobn\u00fdch \u00fadajov na na\u0161ich webov\u00fdch str\u00e1nkach n\u00e1jdete v na\u0161ich <a href=\"https:\/\/www.china-certification.com\/en\/privacy-policy\/\"><strong>z\u00e1sad\u00e1ch ochrany osobn\u00fdch \u00fadajov<\/strong><\/a>.<\/p>\n<\/div>\n<\/div>\n","protected":false},"excerpt":{"rendered":"<p>Your one-stop certification solution! Kontakt Eur\u00f3pa &#8211; MPR China Certification GmbH USA &#8211; China Certification CORPORATION \u00c1zia Kontaktn\u00fd formul\u00e1r MPR Ak chcete t\u00fato funkciu aktivova\u0165, aktivujte s\u00fabory cookie. S\u00fabory cookie zabezpe\u010duj\u00fa bezpe\u010dnos\u0165 pri odosielan\u00ed va\u0161ich \u00fadajov. Nastavenia s\u00faborov cookie m\u00f4\u017eete zmeni\u0165 na str\u00e1nke so z\u00e1sadami ochrany osobn\u00fdch \u00fadajov. Vypl\u0148te v\u0161etky polia ozna\u010den\u00e9 *. Inform\u00e1cie o [&hellip;]<\/p>\n","protected":false},"author":3,"featured_media":12513,"parent":0,"menu_order":0,"comment_status":"closed","ping_status":"closed","template":"","meta":{"_acf_changed":false,"inline_featured_image":false,"footnotes":""},"class_list":["post-12264","page","type-page","status-publish","has-post-thumbnail","hentry"],"acf":[],"yoast_head":"<!-- This site is optimized with the Yoast SEO plugin v27.4 - https:\/\/yoast.com\/product\/yoast-seo-wordpress\/ -->\n<title>Kontakt - MPR China Certification<\/title>\n<meta name=\"description\" content=\"Obr\u00e1\u0165te sa na spolo\u010dnos\u0165 MPR China Certification, v\u00e1\u0161ho experta na certifik\u00e1ciu v\u00fdrobkov pre \u010d\u00ednsky trh.\" \/>\n<meta name=\"robots\" content=\"index, follow, max-snippet:-1, max-image-preview:large, max-video-preview:-1\" \/>\n<link rel=\"canonical\" href=\"https:\/\/www.china-certification.com\/sk\/contact\/\" \/>\n<meta property=\"og:locale\" content=\"sk_SK\" \/>\n<meta property=\"og:type\" content=\"article\" \/>\n<meta property=\"og:title\" content=\"Kontakt - MPR China Certification\" \/>\n<meta property=\"og:description\" content=\"Obr\u00e1\u0165te sa na spolo\u010dnos\u0165 MPR China Certification, v\u00e1\u0161ho experta na certifik\u00e1ciu v\u00fdrobkov pre \u010d\u00ednsky trh.\" \/>\n<meta property=\"og:url\" content=\"https:\/\/www.china-certification.com\/sk\/contact\/\" \/>\n<meta property=\"og:site_name\" content=\"MPR China Certification GmbH\" \/>\n<meta property=\"article:modified_time\" content=\"2026-02-18T08:32:50+00:00\" \/>\n<meta property=\"og:image\" content=\"https:\/\/www.china-certification.com\/wp-content\/uploads\/header_ffm_1920.jpg\" \/>\n\t<meta property=\"og:image:width\" content=\"1920\" \/>\n\t<meta property=\"og:image:height\" content=\"446\" \/>\n\t<meta property=\"og:image:type\" content=\"image\/jpeg\" \/>\n<meta name=\"twitter:card\" content=\"summary_large_image\" \/>\n<meta name=\"twitter:label1\" content=\"Predpokladan\u00fd \u010das \u010d\u00edtania\" \/>\n\t<meta name=\"twitter:data1\" content=\"1 min\u00fata\" \/>\n<script type=\"application\/ld+json\" class=\"yoast-schema-graph\">{\"@context\":\"https:\\\/\\\/schema.org\",\"@graph\":[{\"@type\":\"WebPage\",\"@id\":\"https:\\\/\\\/www.china-certification.com\\\/sk\\\/contact\\\/\",\"url\":\"https:\\\/\\\/www.china-certification.com\\\/sk\\\/contact\\\/\",\"name\":\"Kontakt - MPR China Certification\",\"isPartOf\":{\"@id\":\"https:\\\/\\\/www.china-certification.com\\\/fr\\\/#website\"},\"primaryImageOfPage\":{\"@id\":\"https:\\\/\\\/www.china-certification.com\\\/sk\\\/contact\\\/#primaryimage\"},\"image\":{\"@id\":\"https:\\\/\\\/www.china-certification.com\\\/sk\\\/contact\\\/#primaryimage\"},\"thumbnailUrl\":\"https:\\\/\\\/www.china-certification.com\\\/wp-content\\\/uploads\\\/header_ffm_1920.jpg\",\"datePublished\":\"2022-09-12T09:32:44+00:00\",\"dateModified\":\"2026-02-18T08:32:50+00:00\",\"description\":\"Obr\u00e1\u0165te sa na spolo\u010dnos\u0165 MPR China Certification, v\u00e1\u0161ho experta na certifik\u00e1ciu v\u00fdrobkov pre \u010d\u00ednsky trh.\",\"breadcrumb\":{\"@id\":\"https:\\\/\\\/www.china-certification.com\\\/sk\\\/contact\\\/#breadcrumb\"},\"inLanguage\":\"sk-SK\",\"potentialAction\":[{\"@type\":\"ReadAction\",\"target\":[\"https:\\\/\\\/www.china-certification.com\\\/sk\\\/contact\\\/\"]}]},{\"@type\":\"ImageObject\",\"inLanguage\":\"sk-SK\",\"@id\":\"https:\\\/\\\/www.china-certification.com\\\/sk\\\/contact\\\/#primaryimage\",\"url\":\"https:\\\/\\\/www.china-certification.com\\\/wp-content\\\/uploads\\\/header_ffm_1920.jpg\",\"contentUrl\":\"https:\\\/\\\/www.china-certification.com\\\/wp-content\\\/uploads\\\/header_ffm_1920.jpg\",\"width\":1920,\"height\":446},{\"@type\":\"BreadcrumbList\",\"@id\":\"https:\\\/\\\/www.china-certification.com\\\/sk\\\/contact\\\/#breadcrumb\",\"itemListElement\":[{\"@type\":\"ListItem\",\"position\":1,\"name\":\"Startseite\",\"item\":\"https:\\\/\\\/www.china-certification.com\\\/sk\\\/\"},{\"@type\":\"ListItem\",\"position\":2,\"name\":\"Contact &#8211; SK\"}]},{\"@type\":\"WebSite\",\"@id\":\"https:\\\/\\\/www.china-certification.com\\\/fr\\\/#website\",\"url\":\"https:\\\/\\\/www.china-certification.com\\\/fr\\\/\",\"name\":\"MPR China Certification GmbH\",\"description\":\"Consulting and Implementation of Certification Projects for China, Korea and India.\",\"potentialAction\":[{\"@type\":\"SearchAction\",\"target\":{\"@type\":\"EntryPoint\",\"urlTemplate\":\"https:\\\/\\\/www.china-certification.com\\\/fr\\\/?s={search_term_string}\"},\"query-input\":{\"@type\":\"PropertyValueSpecification\",\"valueRequired\":true,\"valueName\":\"search_term_string\"}}],\"inLanguage\":\"sk-SK\"}]}<\/script>\n<!-- \/ Yoast SEO plugin. -->","yoast_head_json":{"title":"Kontakt - MPR China Certification","description":"Obr\u00e1\u0165te sa na spolo\u010dnos\u0165 MPR China Certification, v\u00e1\u0161ho experta na certifik\u00e1ciu v\u00fdrobkov pre \u010d\u00ednsky trh.","robots":{"index":"index","follow":"follow","max-snippet":"max-snippet:-1","max-image-preview":"max-image-preview:large","max-video-preview":"max-video-preview:-1"},"canonical":"https:\/\/www.china-certification.com\/sk\/contact\/","og_locale":"sk_SK","og_type":"article","og_title":"Kontakt - MPR China Certification","og_description":"Obr\u00e1\u0165te sa na spolo\u010dnos\u0165 MPR China Certification, v\u00e1\u0161ho experta na certifik\u00e1ciu v\u00fdrobkov pre \u010d\u00ednsky trh.","og_url":"https:\/\/www.china-certification.com\/sk\/contact\/","og_site_name":"MPR China Certification GmbH","article_modified_time":"2026-02-18T08:32:50+00:00","og_image":[{"width":1920,"height":446,"url":"https:\/\/www.china-certification.com\/wp-content\/uploads\/header_ffm_1920.jpg","type":"image\/jpeg"}],"twitter_card":"summary_large_image","twitter_misc":{"Predpokladan\u00fd \u010das \u010d\u00edtania":"1 min\u00fata"},"schema":{"@context":"https:\/\/schema.org","@graph":[{"@type":"WebPage","@id":"https:\/\/www.china-certification.com\/sk\/contact\/","url":"https:\/\/www.china-certification.com\/sk\/contact\/","name":"Kontakt - MPR China Certification","isPartOf":{"@id":"https:\/\/www.china-certification.com\/fr\/#website"},"primaryImageOfPage":{"@id":"https:\/\/www.china-certification.com\/sk\/contact\/#primaryimage"},"image":{"@id":"https:\/\/www.china-certification.com\/sk\/contact\/#primaryimage"},"thumbnailUrl":"https:\/\/www.china-certification.com\/wp-content\/uploads\/header_ffm_1920.jpg","datePublished":"2022-09-12T09:32:44+00:00","dateModified":"2026-02-18T08:32:50+00:00","description":"Obr\u00e1\u0165te sa na spolo\u010dnos\u0165 MPR China Certification, v\u00e1\u0161ho experta na certifik\u00e1ciu v\u00fdrobkov pre \u010d\u00ednsky trh.","breadcrumb":{"@id":"https:\/\/www.china-certification.com\/sk\/contact\/#breadcrumb"},"inLanguage":"sk-SK","potentialAction":[{"@type":"ReadAction","target":["https:\/\/www.china-certification.com\/sk\/contact\/"]}]},{"@type":"ImageObject","inLanguage":"sk-SK","@id":"https:\/\/www.china-certification.com\/sk\/contact\/#primaryimage","url":"https:\/\/www.china-certification.com\/wp-content\/uploads\/header_ffm_1920.jpg","contentUrl":"https:\/\/www.china-certification.com\/wp-content\/uploads\/header_ffm_1920.jpg","width":1920,"height":446},{"@type":"BreadcrumbList","@id":"https:\/\/www.china-certification.com\/sk\/contact\/#breadcrumb","itemListElement":[{"@type":"ListItem","position":1,"name":"Startseite","item":"https:\/\/www.china-certification.com\/sk\/"},{"@type":"ListItem","position":2,"name":"Contact &#8211; SK"}]},{"@type":"WebSite","@id":"https:\/\/www.china-certification.com\/fr\/#website","url":"https:\/\/www.china-certification.com\/fr\/","name":"MPR China Certification GmbH","description":"Consulting and Implementation of Certification Projects for China, Korea and India.","potentialAction":[{"@type":"SearchAction","target":{"@type":"EntryPoint","urlTemplate":"https:\/\/www.china-certification.com\/fr\/?s={search_term_string}"},"query-input":{"@type":"PropertyValueSpecification","valueRequired":true,"valueName":"search_term_string"}}],"inLanguage":"sk-SK"}]}},"_links":{"self":[{"href":"https:\/\/www.china-certification.com\/sk\/wp-json\/wp\/v2\/pages\/12264","targetHints":{"allow":["GET"]}}],"collection":[{"href":"https:\/\/www.china-certification.com\/sk\/wp-json\/wp\/v2\/pages"}],"about":[{"href":"https:\/\/www.china-certification.com\/sk\/wp-json\/wp\/v2\/types\/page"}],"author":[{"embeddable":true,"href":"https:\/\/www.china-certification.com\/sk\/wp-json\/wp\/v2\/users\/3"}],"replies":[{"embeddable":true,"href":"https:\/\/www.china-certification.com\/sk\/wp-json\/wp\/v2\/comments?post=12264"}],"version-history":[{"count":35,"href":"https:\/\/www.china-certification.com\/sk\/wp-json\/wp\/v2\/pages\/12264\/revisions"}],"predecessor-version":[{"id":26260,"href":"https:\/\/www.china-certification.com\/sk\/wp-json\/wp\/v2\/pages\/12264\/revisions\/26260"}],"wp:featuredmedia":[{"embeddable":true,"href":"https:\/\/www.china-certification.com\/sk\/wp-json\/wp\/v2\/media\/12513"}],"wp:attachment":[{"href":"https:\/\/www.china-certification.com\/sk\/wp-json\/wp\/v2\/media?parent=12264"}],"curies":[{"name":"wp","href":"https:\/\/api.w.org\/{rel}","templated":true}]}}