{"id":10793,"date":"2022-09-12T11:32:44","date_gmt":"2022-09-12T09:32:44","guid":{"rendered":"https:\/\/www.china-certification.com\/\/?page_id=10793"},"modified":"2026-02-18T09:32:59","modified_gmt":"2026-02-18T08:32:59","slug":"contact","status":"publish","type":"page","link":"https:\/\/www.china-certification.com\/fr\/contact\/","title":{"rendered":"Contact &#8211; FR"},"content":{"rendered":"\n<h4 class=\"wp-block-heading is-style-header-headline\">Your one-stop certification <strong>solution!<\/strong><\/h4>\n\n\n\n<h1 class=\"wp-block-heading is-style-h1-headline-content\">Contact<\/h1>\n\n\n<section class=\"mpr-theme-kontakt-grau\">\r\n    <div class=\"mpr-theme-kontakt-grau-content\">\r\n        <div class=\"mpr-theme-kontakt-grau-inhalt\">\r\n            <h3>Vous avez besoin de plus d&rsquo;informations sur les certifications de produits ?<\/h3>\n<p><strong>MPR China Certification<\/strong> &#8211; Conseil professionnel et mise en \u0153uvre de projets de certification dans le monde entier.<\/p>\n<p>N&rsquo;h\u00e9sitez pas \u00e0 utiliser notre <strong><a href=\"https:\/\/www.china-certification.com\/fr\/contact\/#kontaktformular-fr\">formulaire de contact<\/a><\/strong> en plus du t\u00e9l\u00e9phone, du chat et de l&rsquo;e-mail.<\/p>\n        <\/div>\r\n        <div class=\"mpr-theme-kontakt-grau-teaser\">\r\n            <div class=\"mpr-theme-kontakt-grau-headline-container\">\r\n                <span class=\"mpr-theme-kontakt-grau-headline\">Contact<\/span>\r\n            <\/div>\r\n\r\n            <div class=\"mpr-theme-kontakt-grau-phone-container\">\r\n                <span class=\"mpr-theme-kontakt-grau-phone\">T +49-69-2713769150 (EU)<\/span>\r\n            <\/div>\r\n\r\n            <div class=\"mpr-theme-kontakt-phone-container phone-2\">\r\n                <span class=\"mpr-theme-kontakt-phone\">T +1-773-654-2673 (US)<\/span>\r\n            <\/div>\r\n\r\n            <div class=\"mpr-theme-kontakt-grau-mail-container\">\r\n                <a href=\"mailto:info@china-certification.com\"><span class=\"mpr-theme-kontakt-grau-mail\">info@china-certification.com<\/span><\/a>\r\n            <\/div>\r\n        <\/div>\r\n    <\/div>\r\n<\/section>\n\n\n<h2 class=\"wp-block-heading is-style-border-left-headline\" id=\"EU-address\">Europe &#8211; <strong>MPR China Certification GmbH<\/strong><\/h2>\n\n\n<section class=\"mpr-theme-contact-adresses\">\r\n        <div class=\"mpr-theme-contact-adresses-container\">\r\n                            <div class=\"mpr-theme-contact-adress-box\" style=\"background: url('https:\/\/www.china-certification.com\/wp-content\/uploads\/deutschland.png') no-repeat\">\r\n                    <div class=\"mpr-theme-contact-adress-box-inhalt\">\r\n                        <p class=\"is-style-subheadline\"><span style=\"color: #ffffff;\">Allemagne<\/span><\/p>\n                    <\/div>\r\n                <\/div>\r\n                            <div class=\"mpr-theme-contact-adress-box\" style=\"background: url('') no-repeat\">\r\n                    <div class=\"mpr-theme-contact-adress-box-inhalt\">\r\n                        <p class=\"is-style-subheadline\">Frankfurt (Si\u00e8ge de l&rsquo;entreprise)<\/p>\n<p>Kaiserstra\u00dfe 65<br \/>\nD-60329 Frankfurt am Main<br \/>\nAllemagne<\/p>\n<p>T\u00e9l :<br \/>\n+49 69 2713769 &#8211; 150<\/p>\n<p>Courriel :<br \/>\n<a href=\"mailto:info@china-certification.com\">info@china-certification.com<\/a><\/p>\n                    <\/div>\r\n                <\/div>\r\n                            <div class=\"mpr-theme-contact-adress-box\" style=\"background: url('https:\/\/www.china-certification.com\/wp-content\/uploads\/niederlande.png') no-repeat\">\r\n                    <div class=\"mpr-theme-contact-adress-box-inhalt\">\r\n                        <p class=\"is-style-subheadline\"><span style=\"color: #ffffff;\">Pays-Bas<\/span><\/p>\n                    <\/div>\r\n                <\/div>\r\n                            <div class=\"mpr-theme-contact-adress-box\" style=\"background: url('') no-repeat\">\r\n                    <div class=\"mpr-theme-contact-adress-box-inhalt\">\r\n                        <p class=\"is-style-subheadline\">Zwolle<\/p>\n<p>Kaiserstra\u00dfe 65<br \/>\nD-60329 Frankfurt am Main<br \/>\nAllemagne<\/p>\n<p>T\u00e9l :<br \/>\n+31 2080 850 09<\/p>\n<p>Courriel :<br \/>\n<a href=\"mailto:benelux@china-certification.com\">benelux@china-certification.com<\/a><\/p>\n<p>&nbsp;<\/p>\n                    <\/div>\r\n                <\/div>\r\n                    <\/div>\r\n<\/section>\n\n<section class=\"mpr-theme-contact-adresses\">\r\n        <div class=\"mpr-theme-contact-adresses-container\">\r\n                            <div class=\"mpr-theme-contact-adress-box\" style=\"background: url('https:\/\/www.china-certification.com\/wp-content\/uploads\/italien.png') no-repeat\">\r\n                    <div class=\"mpr-theme-contact-adress-box-inhalt\">\r\n                        <p class=\"is-style-subheadline\"><span style=\"color: #ffffff;\">Italie<\/span><\/p>\n                    <\/div>\r\n                <\/div>\r\n                            <div class=\"mpr-theme-contact-adress-box\" style=\"background: url('') no-repeat\">\r\n                    <div class=\"mpr-theme-contact-adress-box-inhalt\">\r\n                        <p class=\"is-style-subheadline\">Turin<\/p>\n<p>Via Lugaro 15<br \/>\n10126 Turin<br \/>\nItalie<\/p>\n<p>T\u00e9l :<br \/>\n+39-0111 9620 260<\/p>\n<p>Courriel :<br \/>\n<a href=\"mailto:info@china-certification.com\">info@china-certification.com<\/a><\/p>\n                    <\/div>\r\n                <\/div>\r\n                            <div class=\"mpr-theme-contact-adress-box\" style=\"background: url('https:\/\/www.china-certification.com\/wp-content\/uploads\/united-kingdom.png') no-repeat\">\r\n                    <div class=\"mpr-theme-contact-adress-box-inhalt\">\r\n                        <p class=\"is-style-subheadline\"><span style=\"color: #ffffff;\">Royaume-Uni<\/span><\/p>\n                    <\/div>\r\n                <\/div>\r\n                            <div class=\"mpr-theme-contact-adress-box\" style=\"background: url('') no-repeat\">\r\n                    <div class=\"mpr-theme-contact-adress-box-inhalt\">\r\n                        <p class=\"is-style-subheadline\">London<\/p>\n<p>Portland House<br \/>\nBressenden Place<br \/>\nSW1E 5RS, London<br \/>\nRoyaume-Uni<\/p>\n<p>T\u00e9l :<br \/>\n+44 207 442 5945<\/p>\n<p>Courriel :<br \/>\n<a href=\"mailto:info@china-certification.com\">info@china-certification.com<\/a><\/p>\n                    <\/div>\r\n                <\/div>\r\n                    <\/div>\r\n<\/section>\n\n\n<div style=\"height:80px\" aria-hidden=\"true\" class=\"wp-block-spacer\"><\/div>\n\n\n\n<h2 class=\"wp-block-heading is-style-border-left-headline\" id=\"US-address\">USA &#8211; <strong>China Certification CORPORATION<\/strong><\/h2>\n\n\n<section class=\"mpr-theme-contact-adresses\">\r\n        <div class=\"mpr-theme-contact-adresses-container\">\r\n                            <div class=\"mpr-theme-contact-adress-box\" style=\"background: url('https:\/\/www.china-certification.com\/wp-content\/uploads\/usa.png') no-repeat\">\r\n                    <div class=\"mpr-theme-contact-adress-box-inhalt\">\r\n                        <p class=\"is-style-subheadline\"><span style=\"color: #ffffff;\">USA<\/span><\/p>\n                    <\/div>\r\n                <\/div>\r\n                            <div class=\"mpr-theme-contact-adress-box\" style=\"background: url('') no-repeat\">\r\n                    <div class=\"mpr-theme-contact-adress-box-inhalt\">\r\n                        <p class=\"is-style-subheadline\">Ilinois &#8211; Chicago<\/p>\n<p>111 West Jackson Blvd, Suite 1700,<br \/>\nChicago, Illinois 60604-1210, USA<\/p>\n<p>T\u00e9l :<br \/>\n+1-773-6542673<\/p>\n<p>Courriel :<br \/>\n<a href=\"mailto:usa@china-certification.com\">usa@china-certification.com<\/a><\/p>\n                    <\/div>\r\n                <\/div>\r\n                            <div class=\"mpr-theme-contact-adress-box\" style=\"background: url('') no-repeat\">\r\n                    <div class=\"mpr-theme-contact-adress-box-inhalt\">\r\n                        <p class=\"is-style-subheadline\">California- Brea<\/p>\n<p>135 S. State College Blvd., Suite 200<br \/>\nBrea, California 92821, USA<\/p>\n<p>T\u00e9l :<br \/>\n+1-714-3125966<\/p>\n<p>Courriel :<br \/>\n<a href=\"mailto:usa@china-certification.com\">usa@china-certification.com<\/a><\/p>\n                    <\/div>\r\n                <\/div>\r\n                    <\/div>\r\n<\/section>\n\n\n<div style=\"height:80px\" aria-hidden=\"true\" class=\"wp-block-spacer\"><\/div>\n\n\n\n<h2 class=\"wp-block-heading is-style-border-left-headline\" id=\"Asia-address\">Asie<\/h2>\n\n\n<section class=\"mpr-theme-contact-adresses\">\r\n        <div class=\"mpr-theme-contact-adresses-container\">\r\n                            <div class=\"mpr-theme-contact-adress-box\" style=\"background: url('https:\/\/www.china-certification.com\/wp-content\/uploads\/china.png') no-repeat\">\r\n                    <div class=\"mpr-theme-contact-adress-box-inhalt\">\r\n                        <p class=\"is-style-subheadline\"><span style=\"color: #ffffff;\">Asie<\/span><\/p>\n                    <\/div>\r\n                <\/div>\r\n                            <div class=\"mpr-theme-contact-adress-box\" style=\"background: url('') no-repeat\">\r\n                    <div class=\"mpr-theme-contact-adress-box-inhalt\">\r\n                        <div class=\"adresse-china\">\n<p class=\"is-style-subheadline\">Shanghai<\/p>\n<p><strong>Detang Germany Business Consulting Shanghai Co., Ltd.<\/strong><\/p>\n<p>Huanke Road 999,<br \/>\nPudong International Talent Hub,<br \/>\nBuilding 1, Room 802, Pudong District,<br \/>\n200126 Shanghai, R.P. Chine<\/p>\n<p>T\u00e9l :<br \/>\n+86 400 961 0828<br \/>\n+86 21 6163 2960<\/p>\n<p>Courriel :<br \/>\n<a href=\"mailto:info@china-certification.com\">info@china-certification.com<\/a><\/p>\n<\/div>\n                    <\/div>\r\n                <\/div>\r\n                            <div class=\"mpr-theme-contact-adress-box\" style=\"background: url('') no-repeat\">\r\n                    <div class=\"mpr-theme-contact-adress-box-inhalt\">\r\n                        <div class=\"adresse-china\">\n<p class=\"is-style-subheadline\">Sichuan &#8211; Chengdu<\/p>\n<p><strong>Zhide Network Technology Chengdu Co., Ltd.<\/strong><\/p>\n<p>Room 2312, IFS, No. 1, Section 3<br \/>\nHongxing Road, Chengdu, Sichuan,<br \/>\nR.P. Chine 610021<\/p>\n<p>&nbsp;<\/p>\n<p>T\u00e9l :<br \/>\n+86 400 961 0828<br \/>\n+86 28 6232 878<\/p>\n<p>Courriel :<br \/>\n<a href=\"mailto:info@china-certification.com\">info@china-certification.com<\/a><\/p>\n<\/div>\n                    <\/div>\r\n                <\/div>\r\n                    <\/div>\r\n<\/section>\n\n\n<div style=\"height:90px\" aria-hidden=\"true\" class=\"wp-block-spacer\"><\/div>\n\n\n\n<h2 class=\"wp-block-heading is-style-border-left-headline\" id=\"kontaktformular-fr\">Formulaire de contact <strong>MPR<\/strong><\/h2>\n\n\n\n<p>Veuillez activer les cookies afin de pouvoir utiliser cette fonction. Les cookies garantissent la s\u00e9curit\u00e9 lors de l&rsquo;envoi de vos donn\u00e9es. Vous pouvez modifier les param\u00e8tres des cookies sur la page de la <a href=\"https:\/\/www.china-certification.com\/en\/privacy-policy\/\"><strong>politique de confidentialit\u00e9<\/strong><\/a>.<\/p>\n\n\n\n<div class=\"wp-block-columns is-layout-flex wp-container-core-columns-is-layout-9d6595d7 wp-block-columns-is-layout-flex\">\n<div class=\"wp-block-column is-layout-flow wp-block-column-is-layout-flow\" style=\"flex-basis:66.66%\">\n<div class=\"wpcf7 no-js\" id=\"wpcf7-f11068-o1\" lang=\"de-DE\" dir=\"ltr\" data-wpcf7-id=\"11068\">\n<div class=\"screen-reader-response\"><p role=\"status\" aria-live=\"polite\" aria-atomic=\"true\"><\/p> <ul><\/ul><\/div>\n<form action=\"\/fr\/wp-json\/wp\/v2\/pages\/10793#wpcf7-f11068-o1\" method=\"post\" class=\"wpcf7-form init\" aria-label=\"Kontaktformular\" novalidate=\"novalidate\" data-status=\"init\">\n<fieldset class=\"hidden-fields-container\"><input type=\"hidden\" name=\"_wpcf7\" value=\"11068\" \/><input type=\"hidden\" name=\"_wpcf7_version\" value=\"6.1.5\" \/><input type=\"hidden\" name=\"_wpcf7_locale\" value=\"de_DE\" \/><input type=\"hidden\" name=\"_wpcf7_unit_tag\" value=\"wpcf7-f11068-o1\" \/><input type=\"hidden\" name=\"_wpcf7_container_post\" value=\"0\" \/><input type=\"hidden\" name=\"_wpcf7_posted_data_hash\" value=\"\" \/>\n<\/fieldset>\n<p><span class=\"wpcf7-form-control-wrap\" data-name=\"ihr-name\"><input size=\"40\" maxlength=\"400\" class=\"wpcf7-form-control wpcf7-text wpcf7-validates-as-required\" aria-required=\"true\" aria-invalid=\"false\" placeholder=\"Nom*\" value=\"\" type=\"text\" name=\"ihr-name\" \/><\/span>\n<\/p>\n<p><span class=\"wpcf7-form-control-wrap\" data-name=\"email\"><input size=\"40\" maxlength=\"400\" class=\"wpcf7-form-control wpcf7-email wpcf7-validates-as-required wpcf7-text wpcf7-validates-as-email\" aria-required=\"true\" aria-invalid=\"false\" placeholder=\"Courriel*\" value=\"\" type=\"email\" name=\"email\" \/><\/span>\n<\/p>\n<p><span class=\"wpcf7-form-control-wrap\" data-name=\"firma\"><input size=\"40\" maxlength=\"400\" class=\"wpcf7-form-control wpcf7-text\" aria-invalid=\"false\" placeholder=\"Entreprise\" value=\"\" type=\"text\" name=\"firma\" \/><\/span>\n<\/p>\n<p><span class=\"wpcf7-form-control-wrap\" data-name=\"telefon\"><input size=\"40\" maxlength=\"400\" class=\"wpcf7-form-control wpcf7-tel wpcf7-text wpcf7-validates-as-tel\" aria-invalid=\"false\" placeholder=\"Num\u00e9ro de t\u00e9l\u00e9phone\" value=\"\" type=\"tel\" name=\"telefon\" \/><\/span>\n<\/p>\n<p><span class=\"wpcf7-form-control-wrap\" data-name=\"betreff\"><input size=\"40\" maxlength=\"400\" class=\"wpcf7-form-control wpcf7-text\" aria-invalid=\"false\" placeholder=\"Sujet\" value=\"\" type=\"text\" name=\"betreff\" \/><\/span>\n<\/p>\n<p><span class=\"wpcf7-form-control-wrap\" data-name=\"nachricht\"><textarea cols=\"40\" rows=\"10\" maxlength=\"2000\" class=\"wpcf7-form-control wpcf7-textarea\" aria-invalid=\"false\" placeholder=\"Votre message\" name=\"nachricht\"><\/textarea><\/span>\n<\/p>\n<p><input class=\"wpcf7-form-control wpcf7-submit has-spinner\" type=\"submit\" value=\"Envoyer\" \/>\n<\/p><div class=\"wpcf7-response-output\" aria-hidden=\"true\"><\/div>\n<\/form>\n<\/div>\n\n<\/div>\n\n\n\n<div class=\"wp-block-column kontakt-hinweis is-layout-flow wp-block-column-is-layout-flow\" style=\"flex-basis:33.33%\">\n<p>Veuillez remplir tous les champs marqu\u00e9s d&rsquo;un *.<\/p>\n\n\n\n<p>Des informations sur la collecte et le traitement des donn\u00e9es personnelles sur notre site web peuvent \u00eatre trouv\u00e9es dans notre <a href=\"https:\/\/www.china-certification.com\/en\/privacy-policy\/\"><strong>politique de confidentialit\u00e9<\/strong><\/a>.<\/p>\n<\/div>\n<\/div>\n","protected":false},"excerpt":{"rendered":"<p>Your one-stop certification solution! Contact Europe &#8211; MPR China Certification GmbH USA &#8211; China Certification CORPORATION Asie Formulaire de contact MPR Veuillez activer les cookies afin de pouvoir utiliser cette fonction. Les cookies garantissent la s\u00e9curit\u00e9 lors de l&rsquo;envoi de vos donn\u00e9es. Vous pouvez modifier les param\u00e8tres des cookies sur la page de la politique [&hellip;]<\/p>\n","protected":false},"author":3,"featured_media":10983,"parent":0,"menu_order":0,"comment_status":"closed","ping_status":"closed","template":"","meta":{"_acf_changed":false,"inline_featured_image":false,"footnotes":""},"class_list":["post-10793","page","type-page","status-publish","has-post-thumbnail","hentry"],"acf":[],"yoast_head":"<!-- This site is optimized with the Yoast SEO plugin v27.4 - https:\/\/yoast.com\/product\/yoast-seo-wordpress\/ -->\n<title>Contact - MPR China Certification<\/title>\n<meta name=\"description\" content=\"Contactez MPR China Certification, votre expert en mati\u00e8re de certifications de produits pour le march\u00e9 chinois.\" \/>\n<meta name=\"robots\" content=\"index, follow, max-snippet:-1, max-image-preview:large, max-video-preview:-1\" \/>\n<link rel=\"canonical\" href=\"https:\/\/www.china-certification.com\/fr\/contact\/\" \/>\n<meta property=\"og:locale\" content=\"fr_FR\" \/>\n<meta property=\"og:type\" content=\"article\" \/>\n<meta property=\"og:title\" content=\"Contact - MPR China Certification\" \/>\n<meta property=\"og:description\" content=\"Contactez MPR China Certification, votre expert en mati\u00e8re de certifications de produits pour le march\u00e9 chinois.\" \/>\n<meta property=\"og:url\" content=\"https:\/\/www.china-certification.com\/fr\/contact\/\" \/>\n<meta property=\"og:site_name\" content=\"MPR China Certification GmbH\" \/>\n<meta property=\"article:modified_time\" content=\"2026-02-18T08:32:59+00:00\" \/>\n<meta property=\"og:image\" content=\"https:\/\/www.china-certification.com\/wp-content\/uploads\/header_ffm_1920.jpg\" \/>\n\t<meta property=\"og:image:width\" content=\"1920\" \/>\n\t<meta property=\"og:image:height\" content=\"446\" \/>\n\t<meta property=\"og:image:type\" content=\"image\/jpeg\" \/>\n<meta name=\"twitter:card\" content=\"summary_large_image\" \/>\n<meta name=\"twitter:label1\" content=\"Dur\u00e9e de lecture estim\u00e9e\" \/>\n\t<meta name=\"twitter:data1\" content=\"1 minute\" \/>\n<script type=\"application\/ld+json\" class=\"yoast-schema-graph\">{\"@context\":\"https:\\\/\\\/schema.org\",\"@graph\":[{\"@type\":\"WebPage\",\"@id\":\"https:\\\/\\\/www.china-certification.com\\\/fr\\\/contact\\\/\",\"url\":\"https:\\\/\\\/www.china-certification.com\\\/fr\\\/contact\\\/\",\"name\":\"Contact - MPR China Certification\",\"isPartOf\":{\"@id\":\"https:\\\/\\\/www.china-certification.com\\\/fr\\\/#website\"},\"primaryImageOfPage\":{\"@id\":\"https:\\\/\\\/www.china-certification.com\\\/fr\\\/contact\\\/#primaryimage\"},\"image\":{\"@id\":\"https:\\\/\\\/www.china-certification.com\\\/fr\\\/contact\\\/#primaryimage\"},\"thumbnailUrl\":\"https:\\\/\\\/www.china-certification.com\\\/wp-content\\\/uploads\\\/header_ffm_1920.jpg\",\"datePublished\":\"2022-09-12T09:32:44+00:00\",\"dateModified\":\"2026-02-18T08:32:59+00:00\",\"description\":\"Contactez MPR China Certification, votre expert en mati\u00e8re de certifications de produits pour le march\u00e9 chinois.\",\"breadcrumb\":{\"@id\":\"https:\\\/\\\/www.china-certification.com\\\/fr\\\/contact\\\/#breadcrumb\"},\"inLanguage\":\"fr-FR\",\"potentialAction\":[{\"@type\":\"ReadAction\",\"target\":[\"https:\\\/\\\/www.china-certification.com\\\/fr\\\/contact\\\/\"]}]},{\"@type\":\"ImageObject\",\"inLanguage\":\"fr-FR\",\"@id\":\"https:\\\/\\\/www.china-certification.com\\\/fr\\\/contact\\\/#primaryimage\",\"url\":\"https:\\\/\\\/www.china-certification.com\\\/wp-content\\\/uploads\\\/header_ffm_1920.jpg\",\"contentUrl\":\"https:\\\/\\\/www.china-certification.com\\\/wp-content\\\/uploads\\\/header_ffm_1920.jpg\",\"width\":1920,\"height\":446},{\"@type\":\"BreadcrumbList\",\"@id\":\"https:\\\/\\\/www.china-certification.com\\\/fr\\\/contact\\\/#breadcrumb\",\"itemListElement\":[{\"@type\":\"ListItem\",\"position\":1,\"name\":\"Startseite\",\"item\":\"https:\\\/\\\/www.china-certification.com\\\/fr\\\/\"},{\"@type\":\"ListItem\",\"position\":2,\"name\":\"Contact &#8211; FR\"}]},{\"@type\":\"WebSite\",\"@id\":\"https:\\\/\\\/www.china-certification.com\\\/fr\\\/#website\",\"url\":\"https:\\\/\\\/www.china-certification.com\\\/fr\\\/\",\"name\":\"MPR China Certification GmbH\",\"description\":\"Consulting and Implementation of Certification Projects for China, Korea and India.\",\"potentialAction\":[{\"@type\":\"SearchAction\",\"target\":{\"@type\":\"EntryPoint\",\"urlTemplate\":\"https:\\\/\\\/www.china-certification.com\\\/fr\\\/?s={search_term_string}\"},\"query-input\":{\"@type\":\"PropertyValueSpecification\",\"valueRequired\":true,\"valueName\":\"search_term_string\"}}],\"inLanguage\":\"fr-FR\"}]}<\/script>\n<!-- \/ Yoast SEO plugin. -->","yoast_head_json":{"title":"Contact - MPR China Certification","description":"Contactez MPR China Certification, votre expert en mati\u00e8re de certifications de produits pour le march\u00e9 chinois.","robots":{"index":"index","follow":"follow","max-snippet":"max-snippet:-1","max-image-preview":"max-image-preview:large","max-video-preview":"max-video-preview:-1"},"canonical":"https:\/\/www.china-certification.com\/fr\/contact\/","og_locale":"fr_FR","og_type":"article","og_title":"Contact - MPR China Certification","og_description":"Contactez MPR China Certification, votre expert en mati\u00e8re de certifications de produits pour le march\u00e9 chinois.","og_url":"https:\/\/www.china-certification.com\/fr\/contact\/","og_site_name":"MPR China Certification GmbH","article_modified_time":"2026-02-18T08:32:59+00:00","og_image":[{"width":1920,"height":446,"url":"https:\/\/www.china-certification.com\/wp-content\/uploads\/header_ffm_1920.jpg","type":"image\/jpeg"}],"twitter_card":"summary_large_image","twitter_misc":{"Dur\u00e9e de lecture estim\u00e9e":"1 minute"},"schema":{"@context":"https:\/\/schema.org","@graph":[{"@type":"WebPage","@id":"https:\/\/www.china-certification.com\/fr\/contact\/","url":"https:\/\/www.china-certification.com\/fr\/contact\/","name":"Contact - MPR China Certification","isPartOf":{"@id":"https:\/\/www.china-certification.com\/fr\/#website"},"primaryImageOfPage":{"@id":"https:\/\/www.china-certification.com\/fr\/contact\/#primaryimage"},"image":{"@id":"https:\/\/www.china-certification.com\/fr\/contact\/#primaryimage"},"thumbnailUrl":"https:\/\/www.china-certification.com\/wp-content\/uploads\/header_ffm_1920.jpg","datePublished":"2022-09-12T09:32:44+00:00","dateModified":"2026-02-18T08:32:59+00:00","description":"Contactez MPR China Certification, votre expert en mati\u00e8re de certifications de produits pour le march\u00e9 chinois.","breadcrumb":{"@id":"https:\/\/www.china-certification.com\/fr\/contact\/#breadcrumb"},"inLanguage":"fr-FR","potentialAction":[{"@type":"ReadAction","target":["https:\/\/www.china-certification.com\/fr\/contact\/"]}]},{"@type":"ImageObject","inLanguage":"fr-FR","@id":"https:\/\/www.china-certification.com\/fr\/contact\/#primaryimage","url":"https:\/\/www.china-certification.com\/wp-content\/uploads\/header_ffm_1920.jpg","contentUrl":"https:\/\/www.china-certification.com\/wp-content\/uploads\/header_ffm_1920.jpg","width":1920,"height":446},{"@type":"BreadcrumbList","@id":"https:\/\/www.china-certification.com\/fr\/contact\/#breadcrumb","itemListElement":[{"@type":"ListItem","position":1,"name":"Startseite","item":"https:\/\/www.china-certification.com\/fr\/"},{"@type":"ListItem","position":2,"name":"Contact &#8211; FR"}]},{"@type":"WebSite","@id":"https:\/\/www.china-certification.com\/fr\/#website","url":"https:\/\/www.china-certification.com\/fr\/","name":"MPR China Certification GmbH","description":"Consulting and Implementation of Certification Projects for China, Korea and India.","potentialAction":[{"@type":"SearchAction","target":{"@type":"EntryPoint","urlTemplate":"https:\/\/www.china-certification.com\/fr\/?s={search_term_string}"},"query-input":{"@type":"PropertyValueSpecification","valueRequired":true,"valueName":"search_term_string"}}],"inLanguage":"fr-FR"}]}},"_links":{"self":[{"href":"https:\/\/www.china-certification.com\/fr\/wp-json\/wp\/v2\/pages\/10793","targetHints":{"allow":["GET"]}}],"collection":[{"href":"https:\/\/www.china-certification.com\/fr\/wp-json\/wp\/v2\/pages"}],"about":[{"href":"https:\/\/www.china-certification.com\/fr\/wp-json\/wp\/v2\/types\/page"}],"author":[{"embeddable":true,"href":"https:\/\/www.china-certification.com\/fr\/wp-json\/wp\/v2\/users\/3"}],"replies":[{"embeddable":true,"href":"https:\/\/www.china-certification.com\/fr\/wp-json\/wp\/v2\/comments?post=10793"}],"version-history":[{"count":40,"href":"https:\/\/www.china-certification.com\/fr\/wp-json\/wp\/v2\/pages\/10793\/revisions"}],"predecessor-version":[{"id":26256,"href":"https:\/\/www.china-certification.com\/fr\/wp-json\/wp\/v2\/pages\/10793\/revisions\/26256"}],"wp:featuredmedia":[{"embeddable":true,"href":"https:\/\/www.china-certification.com\/fr\/wp-json\/wp\/v2\/media\/10983"}],"wp:attachment":[{"href":"https:\/\/www.china-certification.com\/fr\/wp-json\/wp\/v2\/media?parent=10793"}],"curies":[{"name":"wp","href":"https:\/\/api.w.org\/{rel}","templated":true}]}}