{"id":11914,"date":"2022-09-12T11:32:44","date_gmt":"2022-09-12T09:32:44","guid":{"rendered":"https:\/\/www.china-certification.com\/\/?page_id=11914"},"modified":"2026-02-18T09:32:52","modified_gmt":"2026-02-18T08:32:52","slug":"contact","status":"publish","type":"page","link":"https:\/\/www.china-certification.com\/cs\/contact\/","title":{"rendered":"Contact &#8211; CS"},"content":{"rendered":"\n<h4 class=\"wp-block-heading is-style-header-headline\">Your one-stop certification <strong>solution!<\/strong><\/h4>\n\n\n\n<h1 class=\"wp-block-heading is-style-h1-headline-content\">Kontakt<\/h1>\n\n\n<section class=\"mpr-theme-kontakt-grau\">\r\n    <div class=\"mpr-theme-kontakt-grau-content\">\r\n        <div class=\"mpr-theme-kontakt-grau-inhalt\">\r\n            <h3>Pot\u0159ebujete v\u00edce informac\u00ed o certifikac\u00edch produkt\u016f?<\/h3>\n<p><strong>MPR China Certification<\/strong> &#8211; Profesion\u00e1ln\u00ed poradenstv\u00ed a realizace certifika\u010dn\u00edch projekt\u016f po cel\u00e9m sv\u011bt\u011b.<\/p>\n<p>Krom\u011b telefonu, chatu a e-mailu m\u016f\u017eete vyu\u017e\u00edt n\u00e1\u0161 <a href=\"https:\/\/www.china-certification.com\/cs\/contact\/#kontaktformular-tschechisch\"><strong>kontaktn\u00ed formul\u00e1\u0159<\/strong><\/a><strong>.<\/strong><\/p>\n        <\/div>\r\n        <div class=\"mpr-theme-kontakt-grau-teaser\">\r\n            <div class=\"mpr-theme-kontakt-grau-headline-container\">\r\n                <span class=\"mpr-theme-kontakt-grau-headline\">Kontakt<\/span>\r\n            <\/div>\r\n\r\n            <div class=\"mpr-theme-kontakt-grau-phone-container\">\r\n                <span class=\"mpr-theme-kontakt-grau-phone\">T +49-69-2713769150 (EU)<\/span>\r\n            <\/div>\r\n\r\n            <div class=\"mpr-theme-kontakt-phone-container phone-2\">\r\n                <span class=\"mpr-theme-kontakt-phone\">T +1-773-654-2673 (US)<\/span>\r\n            <\/div>\r\n\r\n            <div class=\"mpr-theme-kontakt-grau-mail-container\">\r\n                <a href=\"mailto:info@china-certification.com\"><span class=\"mpr-theme-kontakt-grau-mail\">info@china-certification.com<\/span><\/a>\r\n            <\/div>\r\n        <\/div>\r\n    <\/div>\r\n<\/section>\n\n\n<h2 class=\"wp-block-heading is-style-border-left-headline\" id=\"EU-address\">Evropa &#8211; <strong>MPR China Certification GmbH<\/strong><\/h2>\n\n\n<section class=\"mpr-theme-contact-adresses\">\r\n        <div class=\"mpr-theme-contact-adresses-container\">\r\n                            <div class=\"mpr-theme-contact-adress-box\" style=\"background: url('https:\/\/www.china-certification.com\/wp-content\/uploads\/deutschland.png') no-repeat\">\r\n                    <div class=\"mpr-theme-contact-adress-box-inhalt\">\r\n                        <p class=\"is-style-subheadline\"><span style=\"color: #ccffff;\">N\u011bmecko<\/span><\/p>\n                    <\/div>\r\n                <\/div>\r\n                            <div class=\"mpr-theme-contact-adress-box\" style=\"background: url('') no-repeat\">\r\n                    <div class=\"mpr-theme-contact-adress-box-inhalt\">\r\n                        <p class=\"is-style-subheadline\">Frankfurt (S\u00eddlo)<\/p>\n<p>Kaiserstra\u00dfe 65<br \/>\nD-60329 Frankfurt am Main<br \/>\nN\u011bmecko<\/p>\n<p>Telefon:<br \/>\n+49 69 2713769 &#8211; 150<\/p>\n<p>E-mail:<br \/>\n<a href=\"mailto:info@china-certification.com\">info@china-certification.com<\/a><\/p>\n                    <\/div>\r\n                <\/div>\r\n                            <div class=\"mpr-theme-contact-adress-box\" style=\"background: url('https:\/\/www.china-certification.com\/wp-content\/uploads\/niederlande.png') no-repeat\">\r\n                    <div class=\"mpr-theme-contact-adress-box-inhalt\">\r\n                        <p class=\"is-style-subheadline\"><span style=\"color: #ffffff;\">Nizozemsko<\/span><\/p>\n                    <\/div>\r\n                <\/div>\r\n                            <div class=\"mpr-theme-contact-adress-box\" style=\"background: url('') no-repeat\">\r\n                    <div class=\"mpr-theme-contact-adress-box-inhalt\">\r\n                        <p class=\"is-style-subheadline\">Zwolle<\/p>\n<p>Telefon:<br \/>\n+31 2080 850 09<\/p>\n<p>E-mail:<br \/>\n<a href=\"mailto:benelux@china-certification.com\">benelux@china-certification.com<\/a><\/p>\n<p>&nbsp;<\/p>\n                    <\/div>\r\n                <\/div>\r\n                    <\/div>\r\n<\/section>\n\n<section class=\"mpr-theme-contact-adresses\">\r\n        <div class=\"mpr-theme-contact-adresses-container\">\r\n                            <div class=\"mpr-theme-contact-adress-box\" style=\"background: url('https:\/\/www.china-certification.com\/wp-content\/uploads\/italien.png') no-repeat\">\r\n                    <div class=\"mpr-theme-contact-adress-box-inhalt\">\r\n                        <p class=\"is-style-subheadline\"><span style=\"color: #ffffff;\">It\u00e1lie<\/span><\/p>\n                    <\/div>\r\n                <\/div>\r\n                            <div class=\"mpr-theme-contact-adress-box\" style=\"background: url('') no-repeat\">\r\n                    <div class=\"mpr-theme-contact-adress-box-inhalt\">\r\n                        <p class=\"is-style-subheadline\">Turin<\/p>\n<p>Via Lugaro 15<br \/>\n10126 Turin<br \/>\nIt\u00e1lie<\/p>\n<p>Telefon:<br \/>\n+39-0111 9620 260<\/p>\n<p>E-mail:<br \/>\n<a href=\"mailto:info@china-certification.com\">info@china-certification.com<\/a><\/p>\n                    <\/div>\r\n                <\/div>\r\n                            <div class=\"mpr-theme-contact-adress-box\" style=\"background: url('https:\/\/www.china-certification.com\/wp-content\/uploads\/united-kingdom.png') no-repeat\">\r\n                    <div class=\"mpr-theme-contact-adress-box-inhalt\">\r\n                        <p class=\"is-style-subheadline\"><span style=\"color: #ffffff;\">Spojen\u00e9 kr\u00e1lovstv\u00ed<\/span><\/p>\n                    <\/div>\r\n                <\/div>\r\n                            <div class=\"mpr-theme-contact-adress-box\" style=\"background: url('') no-repeat\">\r\n                    <div class=\"mpr-theme-contact-adress-box-inhalt\">\r\n                        <p class=\"is-style-subheadline\">London<\/p>\n<p>Portland House<br \/>\nBressenden Place<br \/>\nSW1E 5RS, London<br \/>\nSpojen\u00e9 kr\u00e1lovstv\u00ed<\/p>\n<p>Telefon:<br \/>\n+44 207 442 5945<\/p>\n<p>E-mail:<br \/>\n<a href=\"mailto:info@china-certification.com\">info@china-certification.com<\/a><\/p>\n                    <\/div>\r\n                <\/div>\r\n                    <\/div>\r\n<\/section>\n\n\n<div style=\"height:80px\" aria-hidden=\"true\" class=\"wp-block-spacer\"><\/div>\n\n\n\n<h2 class=\"wp-block-heading is-style-border-left-headline\" id=\"US-address\">USA &#8211; <strong>China Certification CORPORATION<\/strong><\/h2>\n\n\n<section class=\"mpr-theme-contact-adresses\">\r\n        <div class=\"mpr-theme-contact-adresses-container\">\r\n                            <div class=\"mpr-theme-contact-adress-box\" style=\"background: url('https:\/\/www.china-certification.com\/wp-content\/uploads\/usa.png') no-repeat\">\r\n                    <div class=\"mpr-theme-contact-adress-box-inhalt\">\r\n                        <p class=\"is-style-subheadline\"><span style=\"color: #ffffff;\">USA<\/span><\/p>\n                    <\/div>\r\n                <\/div>\r\n                            <div class=\"mpr-theme-contact-adress-box\" style=\"background: url('') no-repeat\">\r\n                    <div class=\"mpr-theme-contact-adress-box-inhalt\">\r\n                        <p class=\"is-style-subheadline\">Ilinois &#8211; Chicago<\/p>\n<p>111 West Jackson Blvd, Suite 1700,<br \/>\nChicago, Illinois 60604-1210, USA<\/p>\n<p>Telefon:<br \/>\n+1-773-6542673<\/p>\n<p>E-mail:<br \/>\n<a href=\"mailto:usa@china-certification.com\">usa@china-certification.com<\/a><\/p>\n                    <\/div>\r\n                <\/div>\r\n                            <div class=\"mpr-theme-contact-adress-box\" style=\"background: url('') no-repeat\">\r\n                    <div class=\"mpr-theme-contact-adress-box-inhalt\">\r\n                        <p class=\"is-style-subheadline\">California- Brea<\/p>\n<p>135 S. State College Blvd., Suite 200<br \/>\nBrea, California 92821, USA<\/p>\n<p>Telefon:<br \/>\n+1-714-3125966<\/p>\n<p>E-mail:<br \/>\n<a href=\"mailto:usa@china-certification.com\">usa@china-certification.com<\/a><\/p>\n                    <\/div>\r\n                <\/div>\r\n                    <\/div>\r\n<\/section>\n\n\n<div style=\"height:80px\" aria-hidden=\"true\" class=\"wp-block-spacer\"><\/div>\n\n\n\n<h2 class=\"wp-block-heading is-style-border-left-headline\" id=\"Asia-address\">Asia<\/h2>\n\n\n<section class=\"mpr-theme-contact-adresses\">\r\n        <div class=\"mpr-theme-contact-adresses-container\">\r\n                            <div class=\"mpr-theme-contact-adress-box\" style=\"background: url('https:\/\/www.china-certification.com\/wp-content\/uploads\/china.png') no-repeat\">\r\n                    <div class=\"mpr-theme-contact-adress-box-inhalt\">\r\n                        <p class=\"is-style-subheadline\"><span style=\"color: #ffffff;\">Asia<\/span><\/p>\n                    <\/div>\r\n                <\/div>\r\n                            <div class=\"mpr-theme-contact-adress-box\" style=\"background: url('') no-repeat\">\r\n                    <div class=\"mpr-theme-contact-adress-box-inhalt\">\r\n                        <div class=\"adresse-china\">\n<p class=\"is-style-subheadline\">Shanghai<\/p>\n<p><strong>Detang Germany Business Consulting Shanghai Co., Ltd.<\/strong><\/p>\n<p>Huanke Road 999,<br \/>\nPudong International Talent Hub,<br \/>\nBuilding 1, Room 802, Pudong District,<br \/>\n200126 Shanghai, P.R. \u010c\u00edna<\/p>\n<p>Telefon:<br \/>\n+86 400 961 0828<br \/>\n+86 21 6163 2960<\/p>\n<p>E-mail:<br \/>\n<a href=\"mailto:info@china-certification.com\">info@china-certification.com<\/a><\/p>\n<\/div>\n                    <\/div>\r\n                <\/div>\r\n                            <div class=\"mpr-theme-contact-adress-box\" style=\"background: url('') no-repeat\">\r\n                    <div class=\"mpr-theme-contact-adress-box-inhalt\">\r\n                        <div class=\"adresse-china\">\n<p class=\"is-style-subheadline\">Sichuan &#8211; Chengdu<\/p>\n<p><strong>Zhide Network Technology Chengdu Co., Ltd.<\/strong><\/p>\n<p>Room 2312, IFS, No. 1, Section 3<br \/>\nHongxing Road, Chengdu, Sichuan,<br \/>\nP.R. \u010c\u00edna 610021<\/p>\n<p>&nbsp;<\/p>\n<p>Telefon:<br \/>\n+86 400 961 0828<br \/>\n+86 28 6232 878<\/p>\n<p>E-mail:<br \/>\n<a href=\"mailto:info@china-certification.com\">info@china-certification.com<\/a><\/p>\n<\/div>\n                    <\/div>\r\n                <\/div>\r\n                    <\/div>\r\n<\/section>\n\n\n<div style=\"height:90px\" aria-hidden=\"true\" class=\"wp-block-spacer\"><\/div>\n\n\n\n<h2 class=\"wp-block-heading is-style-border-left-headline\" id=\"kontaktformular-tschechisch\"><strong>Kontaktn\u00ed formul\u00e1\u0159<\/strong> MPR<\/h2>\n\n\n\n<p>Pro aktivaci t\u00e9to funkce aktivujte soubory cookie. Soubory cookie zaji\u0161\u0165uj\u00ed bezpe\u010dnost p\u0159i odes\u00edl\u00e1n\u00ed va\u0161ich \u00fadaj\u016f. Nastaven\u00ed soubor\u016f cookie m\u016f\u017eete zm\u011bnit na <a href=\"https:\/\/www.china-certification.com\/en\/privacy-policy\/\"><strong>str\u00e1nce se z\u00e1sadami ochrany osobn\u00edch \u00fadaj\u016f<\/strong><\/a>.<\/p>\n\n\n\n<div class=\"wp-block-columns is-layout-flex wp-container-core-columns-is-layout-9d6595d7 wp-block-columns-is-layout-flex\">\n<div class=\"wp-block-column is-layout-flow wp-block-column-is-layout-flow\" style=\"flex-basis:66.66%\">\n<div class=\"wpcf7 no-js\" id=\"wpcf7-f12246-o1\" lang=\"de-DE\" dir=\"ltr\" data-wpcf7-id=\"12246\">\n<div class=\"screen-reader-response\"><p role=\"status\" aria-live=\"polite\" aria-atomic=\"true\"><\/p> <ul><\/ul><\/div>\n<form action=\"\/cs\/wp-json\/wp\/v2\/pages\/11914#wpcf7-f12246-o1\" method=\"post\" class=\"wpcf7-form init\" aria-label=\"Kontaktformular\" novalidate=\"novalidate\" data-status=\"init\">\n<fieldset class=\"hidden-fields-container\"><input type=\"hidden\" name=\"_wpcf7\" value=\"12246\" \/><input type=\"hidden\" name=\"_wpcf7_version\" value=\"6.1.5\" \/><input type=\"hidden\" name=\"_wpcf7_locale\" value=\"de_DE\" \/><input type=\"hidden\" name=\"_wpcf7_unit_tag\" value=\"wpcf7-f12246-o1\" \/><input type=\"hidden\" name=\"_wpcf7_container_post\" value=\"0\" \/><input type=\"hidden\" name=\"_wpcf7_posted_data_hash\" value=\"\" \/>\n<\/fieldset>\n<p><span class=\"wpcf7-form-control-wrap\" data-name=\"ihr-name\"><input size=\"40\" maxlength=\"400\" class=\"wpcf7-form-control wpcf7-text wpcf7-validates-as-required\" aria-required=\"true\" aria-invalid=\"false\" placeholder=\"N\u00e1zev*\" value=\"\" type=\"text\" name=\"ihr-name\" \/><\/span>\n<\/p>\n<p><span class=\"wpcf7-form-control-wrap\" data-name=\"email\"><input size=\"40\" maxlength=\"400\" class=\"wpcf7-form-control wpcf7-email wpcf7-validates-as-required wpcf7-text wpcf7-validates-as-email\" aria-required=\"true\" aria-invalid=\"false\" placeholder=\"E-mail*\" value=\"\" type=\"email\" name=\"email\" \/><\/span>\n<\/p>\n<p><span class=\"wpcf7-form-control-wrap\" data-name=\"firma\"><input size=\"40\" maxlength=\"400\" class=\"wpcf7-form-control wpcf7-text\" aria-invalid=\"false\" placeholder=\"Spole\u010dnost\" value=\"\" type=\"text\" name=\"firma\" \/><\/span>\n<\/p>\n<p><span class=\"wpcf7-form-control-wrap\" data-name=\"telefon\"><input size=\"40\" maxlength=\"400\" class=\"wpcf7-form-control wpcf7-tel wpcf7-text wpcf7-validates-as-tel\" aria-invalid=\"false\" placeholder=\"Telefonn\u00ed \u010d\u00edslo\" value=\"\" type=\"tel\" name=\"telefon\" \/><\/span>\n<\/p>\n<p><span class=\"wpcf7-form-control-wrap\" data-name=\"betreff\"><input size=\"40\" maxlength=\"400\" class=\"wpcf7-form-control wpcf7-text\" aria-invalid=\"false\" placeholder=\"P\u0159edm\u011bt\" value=\"\" type=\"text\" name=\"betreff\" \/><\/span>\n<\/p>\n<p><span class=\"wpcf7-form-control-wrap\" data-name=\"nachricht\"><textarea cols=\"40\" rows=\"10\" maxlength=\"2000\" class=\"wpcf7-form-control wpcf7-textarea\" aria-invalid=\"false\" placeholder=\"Va\u0161e zpr\u00e1va\" name=\"nachricht\"><\/textarea><\/span>\n<\/p>\n<p><input class=\"wpcf7-form-control wpcf7-submit has-spinner\" type=\"submit\" value=\"Odeslat\" \/>\n<\/p><div class=\"wpcf7-response-output\" aria-hidden=\"true\"><\/div>\n<\/form>\n<\/div>\n\n<\/div>\n\n\n\n<div class=\"wp-block-column kontakt-hinweis is-layout-flow wp-block-column-is-layout-flow\" style=\"flex-basis:33.33%\">\n<p>Vypl\u0148te v\u0161echna pole ozna\u010den\u00e1 *.<\/p>\n\n\n\n<p>Informace o shroma\u017e\u010fov\u00e1n\u00ed a zpracov\u00e1n\u00ed osobn\u00edch \u00fadaj\u016f na na\u0161ich webov\u00fdch str\u00e1nk\u00e1ch naleznete v na\u0161ich z\u00e1sad\u00e1ch <a href=\"https:\/\/www.china-certification.com\/en\/privacy-policy\/\"><strong>ochrany osobn\u00edch \u00fadaj\u016f<\/strong><\/a>.<\/p>\n<\/div>\n<\/div>\n","protected":false},"excerpt":{"rendered":"<p>Your one-stop certification solution! Kontakt Evropa &#8211; MPR China Certification GmbH USA &#8211; China Certification CORPORATION Asia Kontaktn\u00ed formul\u00e1\u0159 MPR Pro aktivaci t\u00e9to funkce aktivujte soubory cookie. Soubory cookie zaji\u0161\u0165uj\u00ed bezpe\u010dnost p\u0159i odes\u00edl\u00e1n\u00ed va\u0161ich \u00fadaj\u016f. Nastaven\u00ed soubor\u016f cookie m\u016f\u017eete zm\u011bnit na str\u00e1nce se z\u00e1sadami ochrany osobn\u00edch \u00fadaj\u016f. Vypl\u0148te v\u0161echna pole ozna\u010den\u00e1 *. Informace o shroma\u017e\u010fov\u00e1n\u00ed [&hellip;]<\/p>\n","protected":false},"author":3,"featured_media":12154,"parent":0,"menu_order":0,"comment_status":"closed","ping_status":"closed","template":"","meta":{"_acf_changed":false,"inline_featured_image":false,"footnotes":""},"class_list":["post-11914","page","type-page","status-publish","has-post-thumbnail","hentry"],"acf":[],"yoast_head":"<!-- This site is optimized with the Yoast SEO plugin v27.4 - https:\/\/yoast.com\/product\/yoast-seo-wordpress\/ -->\n<title>Kontakt - MPR China Certification<\/title>\n<meta name=\"description\" content=\"Obra\u0165te se na spole\u010dnost MPR China Certification, odborn\u00edka na certifikaci v\u00fdrobk\u016f pro \u010d\u00ednsk\u00fd trh.\" \/>\n<meta name=\"robots\" content=\"index, follow, max-snippet:-1, max-image-preview:large, max-video-preview:-1\" \/>\n<link rel=\"canonical\" href=\"https:\/\/www.china-certification.com\/cs\/contact\/\" \/>\n<meta property=\"og:locale\" content=\"cs_CZ\" \/>\n<meta property=\"og:type\" content=\"article\" \/>\n<meta property=\"og:title\" content=\"Kontakt - MPR China Certification\" \/>\n<meta property=\"og:description\" content=\"Obra\u0165te se na spole\u010dnost MPR China Certification, odborn\u00edka na certifikaci v\u00fdrobk\u016f pro \u010d\u00ednsk\u00fd trh.\" \/>\n<meta property=\"og:url\" content=\"https:\/\/www.china-certification.com\/cs\/contact\/\" \/>\n<meta property=\"og:site_name\" content=\"MPR China Certification GmbH\" \/>\n<meta property=\"article:modified_time\" content=\"2026-02-18T08:32:52+00:00\" \/>\n<meta property=\"og:image\" content=\"https:\/\/www.china-certification.com\/wp-content\/uploads\/header_ffm_1920.jpg\" \/>\n\t<meta property=\"og:image:width\" content=\"1920\" \/>\n\t<meta property=\"og:image:height\" content=\"446\" \/>\n\t<meta property=\"og:image:type\" content=\"image\/jpeg\" \/>\n<meta name=\"twitter:card\" content=\"summary_large_image\" \/>\n<meta name=\"twitter:label1\" content=\"Odhadovan\u00e1 doba \u010dten\u00ed\" \/>\n\t<meta name=\"twitter:data1\" content=\"1 minuta\" \/>\n<script type=\"application\/ld+json\" class=\"yoast-schema-graph\">{\"@context\":\"https:\\\/\\\/schema.org\",\"@graph\":[{\"@type\":\"WebPage\",\"@id\":\"https:\\\/\\\/www.china-certification.com\\\/cs\\\/contact\\\/\",\"url\":\"https:\\\/\\\/www.china-certification.com\\\/cs\\\/contact\\\/\",\"name\":\"Kontakt - MPR China Certification\",\"isPartOf\":{\"@id\":\"https:\\\/\\\/www.china-certification.com\\\/fr\\\/#website\"},\"primaryImageOfPage\":{\"@id\":\"https:\\\/\\\/www.china-certification.com\\\/cs\\\/contact\\\/#primaryimage\"},\"image\":{\"@id\":\"https:\\\/\\\/www.china-certification.com\\\/cs\\\/contact\\\/#primaryimage\"},\"thumbnailUrl\":\"https:\\\/\\\/www.china-certification.com\\\/wp-content\\\/uploads\\\/header_ffm_1920.jpg\",\"datePublished\":\"2022-09-12T09:32:44+00:00\",\"dateModified\":\"2026-02-18T08:32:52+00:00\",\"description\":\"Obra\u0165te se na spole\u010dnost MPR China Certification, odborn\u00edka na certifikaci v\u00fdrobk\u016f pro \u010d\u00ednsk\u00fd trh.\",\"breadcrumb\":{\"@id\":\"https:\\\/\\\/www.china-certification.com\\\/cs\\\/contact\\\/#breadcrumb\"},\"inLanguage\":\"cs\",\"potentialAction\":[{\"@type\":\"ReadAction\",\"target\":[\"https:\\\/\\\/www.china-certification.com\\\/cs\\\/contact\\\/\"]}]},{\"@type\":\"ImageObject\",\"inLanguage\":\"cs\",\"@id\":\"https:\\\/\\\/www.china-certification.com\\\/cs\\\/contact\\\/#primaryimage\",\"url\":\"https:\\\/\\\/www.china-certification.com\\\/wp-content\\\/uploads\\\/header_ffm_1920.jpg\",\"contentUrl\":\"https:\\\/\\\/www.china-certification.com\\\/wp-content\\\/uploads\\\/header_ffm_1920.jpg\",\"width\":1920,\"height\":446},{\"@type\":\"BreadcrumbList\",\"@id\":\"https:\\\/\\\/www.china-certification.com\\\/cs\\\/contact\\\/#breadcrumb\",\"itemListElement\":[{\"@type\":\"ListItem\",\"position\":1,\"name\":\"Startseite\",\"item\":\"https:\\\/\\\/www.china-certification.com\\\/cs\\\/\"},{\"@type\":\"ListItem\",\"position\":2,\"name\":\"Contact &#8211; CS\"}]},{\"@type\":\"WebSite\",\"@id\":\"https:\\\/\\\/www.china-certification.com\\\/fr\\\/#website\",\"url\":\"https:\\\/\\\/www.china-certification.com\\\/fr\\\/\",\"name\":\"MPR China Certification GmbH\",\"description\":\"Consulting and Implementation of Certification Projects for China, Korea and India.\",\"potentialAction\":[{\"@type\":\"SearchAction\",\"target\":{\"@type\":\"EntryPoint\",\"urlTemplate\":\"https:\\\/\\\/www.china-certification.com\\\/fr\\\/?s={search_term_string}\"},\"query-input\":{\"@type\":\"PropertyValueSpecification\",\"valueRequired\":true,\"valueName\":\"search_term_string\"}}],\"inLanguage\":\"cs\"}]}<\/script>\n<!-- \/ Yoast SEO plugin. -->","yoast_head_json":{"title":"Kontakt - MPR China Certification","description":"Obra\u0165te se na spole\u010dnost MPR China Certification, odborn\u00edka na certifikaci v\u00fdrobk\u016f pro \u010d\u00ednsk\u00fd trh.","robots":{"index":"index","follow":"follow","max-snippet":"max-snippet:-1","max-image-preview":"max-image-preview:large","max-video-preview":"max-video-preview:-1"},"canonical":"https:\/\/www.china-certification.com\/cs\/contact\/","og_locale":"cs_CZ","og_type":"article","og_title":"Kontakt - MPR China Certification","og_description":"Obra\u0165te se na spole\u010dnost MPR China Certification, odborn\u00edka na certifikaci v\u00fdrobk\u016f pro \u010d\u00ednsk\u00fd trh.","og_url":"https:\/\/www.china-certification.com\/cs\/contact\/","og_site_name":"MPR China Certification GmbH","article_modified_time":"2026-02-18T08:32:52+00:00","og_image":[{"width":1920,"height":446,"url":"https:\/\/www.china-certification.com\/wp-content\/uploads\/header_ffm_1920.jpg","type":"image\/jpeg"}],"twitter_card":"summary_large_image","twitter_misc":{"Odhadovan\u00e1 doba \u010dten\u00ed":"1 minuta"},"schema":{"@context":"https:\/\/schema.org","@graph":[{"@type":"WebPage","@id":"https:\/\/www.china-certification.com\/cs\/contact\/","url":"https:\/\/www.china-certification.com\/cs\/contact\/","name":"Kontakt - MPR China Certification","isPartOf":{"@id":"https:\/\/www.china-certification.com\/fr\/#website"},"primaryImageOfPage":{"@id":"https:\/\/www.china-certification.com\/cs\/contact\/#primaryimage"},"image":{"@id":"https:\/\/www.china-certification.com\/cs\/contact\/#primaryimage"},"thumbnailUrl":"https:\/\/www.china-certification.com\/wp-content\/uploads\/header_ffm_1920.jpg","datePublished":"2022-09-12T09:32:44+00:00","dateModified":"2026-02-18T08:32:52+00:00","description":"Obra\u0165te se na spole\u010dnost MPR China Certification, odborn\u00edka na certifikaci v\u00fdrobk\u016f pro \u010d\u00ednsk\u00fd trh.","breadcrumb":{"@id":"https:\/\/www.china-certification.com\/cs\/contact\/#breadcrumb"},"inLanguage":"cs","potentialAction":[{"@type":"ReadAction","target":["https:\/\/www.china-certification.com\/cs\/contact\/"]}]},{"@type":"ImageObject","inLanguage":"cs","@id":"https:\/\/www.china-certification.com\/cs\/contact\/#primaryimage","url":"https:\/\/www.china-certification.com\/wp-content\/uploads\/header_ffm_1920.jpg","contentUrl":"https:\/\/www.china-certification.com\/wp-content\/uploads\/header_ffm_1920.jpg","width":1920,"height":446},{"@type":"BreadcrumbList","@id":"https:\/\/www.china-certification.com\/cs\/contact\/#breadcrumb","itemListElement":[{"@type":"ListItem","position":1,"name":"Startseite","item":"https:\/\/www.china-certification.com\/cs\/"},{"@type":"ListItem","position":2,"name":"Contact &#8211; CS"}]},{"@type":"WebSite","@id":"https:\/\/www.china-certification.com\/fr\/#website","url":"https:\/\/www.china-certification.com\/fr\/","name":"MPR China Certification GmbH","description":"Consulting and Implementation of Certification Projects for China, Korea and India.","potentialAction":[{"@type":"SearchAction","target":{"@type":"EntryPoint","urlTemplate":"https:\/\/www.china-certification.com\/fr\/?s={search_term_string}"},"query-input":{"@type":"PropertyValueSpecification","valueRequired":true,"valueName":"search_term_string"}}],"inLanguage":"cs"}]}},"_links":{"self":[{"href":"https:\/\/www.china-certification.com\/cs\/wp-json\/wp\/v2\/pages\/11914","targetHints":{"allow":["GET"]}}],"collection":[{"href":"https:\/\/www.china-certification.com\/cs\/wp-json\/wp\/v2\/pages"}],"about":[{"href":"https:\/\/www.china-certification.com\/cs\/wp-json\/wp\/v2\/types\/page"}],"author":[{"embeddable":true,"href":"https:\/\/www.china-certification.com\/cs\/wp-json\/wp\/v2\/users\/3"}],"replies":[{"embeddable":true,"href":"https:\/\/www.china-certification.com\/cs\/wp-json\/wp\/v2\/comments?post=11914"}],"version-history":[{"count":29,"href":"https:\/\/www.china-certification.com\/cs\/wp-json\/wp\/v2\/pages\/11914\/revisions"}],"predecessor-version":[{"id":26259,"href":"https:\/\/www.china-certification.com\/cs\/wp-json\/wp\/v2\/pages\/11914\/revisions\/26259"}],"wp:featuredmedia":[{"embeddable":true,"href":"https:\/\/www.china-certification.com\/cs\/wp-json\/wp\/v2\/media\/12154"}],"wp:attachment":[{"href":"https:\/\/www.china-certification.com\/cs\/wp-json\/wp\/v2\/media?parent=11914"}],"curies":[{"name":"wp","href":"https:\/\/api.w.org\/{rel}","templated":true}]}}